{"id":476,"date":"2019-08-31T17:24:07","date_gmt":"2019-08-31T15:24:07","guid":{"rendered":"http:\/\/www.lespagnolpourtoi.ch\/?page_id=476"},"modified":"2019-09-05T12:42:17","modified_gmt":"2019-09-05T10:42:17","slug":"cours","status":"publish","type":"page","link":"https:\/\/www.lespagnolpourtoi.ch\/index.php\/cours\/","title":{"rendered":"Cours"},"content":{"rendered":"\t\t<div data-elementor-type=\"wp-post\" data-elementor-id=\"476\" class=\"elementor elementor-476\">\n\t\t\t\t\t\t<section class=\"elementor-section elementor-top-section elementor-element elementor-element-3c48035 elementor-section-stretched elementor-section-full_width elementor-section-height-default elementor-section-height-default\" data-id=\"3c48035\" data-element_type=\"section\" data-settings=\"{&quot;stretch_section&quot;:&quot;section-stretched&quot;}\">\n\t\t\t\t\t\t<div class=\"elementor-container elementor-column-gap-default\">\n\t\t\t\t\t<div class=\"elementor-column elementor-col-100 elementor-top-column elementor-element elementor-element-6673747\" data-id=\"6673747\" data-element_type=\"column\">\n\t\t\t<div class=\"elementor-widget-wrap elementor-element-populated\">\n\t\t\t\t\t\t<div class=\"elementor-element elementor-element-d396671 elementor-widget elementor-widget-shortcode\" data-id=\"d396671\" data-element_type=\"widget\" data-widget_type=\"shortcode.default\">\n\t\t\t\t<div class=\"elementor-widget-container\">\n\t\t\t\t\t\t\t<div class=\"elementor-shortcode\"><div id=\"metaslider-id-711\" style=\"width: 100%;\" class=\"ml-slider-3-101-0 metaslider metaslider-flex metaslider-711 ml-slider has-dots-nav ms-theme-default\" role=\"region\" aria-label=\"cursos\" data-height=\"849\" data-width=\"2500\">\n    <div id=\"metaslider_container_711\">\n        <div id=\"metaslider_711\">\n            <ul class='slides'>\n                <li style=\"display: block; width: 100%;\" class=\"slide-713 ms-image \" aria-roledescription=\"slide\" data-date=\"2019-09-04 18:38:19\"><img fetchpriority=\"high\" decoding=\"async\" src=\"https:\/\/www.lespagnolpourtoi.ch\/wp-content\/uploads\/2019\/09\/espagnolpourtoi-Slider-cours-1.jpg\" height=\"849\" width=\"2500\" alt=\"\" class=\"slider-711 slide-713 msDefaultImage\" title=\"espagnolpourtoi-Slider-cours (1)\" \/><\/li>\n            <\/ul>\n        <\/div>\n        \n    <\/div>\n<\/div><\/div>\n\t\t\t\t\t\t<\/div>\n\t\t\t\t<\/div>\n\t\t\t\t\t<\/div>\n\t\t<\/div>\n\t\t\t\t\t<\/div>\n\t\t<\/section>\n\t\t\t\t<section class=\"elementor-section elementor-top-section elementor-element elementor-element-29c0453 elementor-section-boxed elementor-section-height-default elementor-section-height-default\" data-id=\"29c0453\" data-element_type=\"section\">\n\t\t\t\t\t\t<div class=\"elementor-container elementor-column-gap-default\">\n\t\t\t\t\t<div class=\"elementor-column elementor-col-100 elementor-top-column elementor-element elementor-element-3c69838\" data-id=\"3c69838\" data-element_type=\"column\">\n\t\t\t<div class=\"elementor-widget-wrap elementor-element-populated\">\n\t\t\t\t\t\t<div class=\"elementor-element elementor-element-dd4b20d elementor-widget elementor-widget-image\" data-id=\"dd4b20d\" data-element_type=\"widget\" data-widget_type=\"image.default\">\n\t\t\t\t<div class=\"elementor-widget-container\">\n\t\t\t\t\t\t\t\t\t\t\t\t\t\t\t<img decoding=\"async\" width=\"300\" height=\"148\" src=\"https:\/\/www.lespagnolpourtoi.ch\/wp-content\/uploads\/2019\/09\/espagnolpourtoi-methodologie-300x148.png\" class=\"attachment-medium size-medium wp-image-581\" alt=\"\" srcset=\"https:\/\/www.lespagnolpourtoi.ch\/wp-content\/uploads\/2019\/09\/espagnolpourtoi-methodologie-300x148.png 300w, https:\/\/www.lespagnolpourtoi.ch\/wp-content\/uploads\/2019\/09\/espagnolpourtoi-methodologie.png 400w\" sizes=\"(max-width: 300px) 100vw, 300px\" \/>\t\t\t\t\t\t\t\t\t\t\t\t\t\t\t<\/div>\n\t\t\t\t<\/div>\n\t\t\t\t<div class=\"elementor-element elementor-element-9e987ce elementor-widget elementor-widget-text-editor\" data-id=\"9e987ce\" data-element_type=\"widget\" data-widget_type=\"text-editor.default\">\n\t\t\t\t<div class=\"elementor-widget-container\">\n\t\t\t\t\t\t\t\t\t<p>Nous travaillerons ensemble l\u2019expression orale, la compr\u00e9hension et l\u2019\u00e9crit. D\u00e8s le premier cours, vous serez amen\u00e9 \u00e0 parler et \u00e9changer, afin de pouvoir vous exprimer en espagnol.<br \/>Nous nous adapterons \u00e0 votre niveau (A1 &#8211; C2) et vos disponibilit\u00e9 pour avancer sans stress. Ma personnalit\u00e9 et ma m\u00e9thode de travail sont bas\u00e9es sur la patience et la compr\u00e9hension des besoins de l\u2019\u00e9l\u00e8ve.<\/p>\t\t\t\t\t\t\t\t<\/div>\n\t\t\t\t<\/div>\n\t\t\t\t\t<\/div>\n\t\t<\/div>\n\t\t\t\t\t<\/div>\n\t\t<\/section>\n\t\t\t\t<section class=\"elementor-section elementor-top-section elementor-element elementor-element-3a3a1e0 elementor-section-boxed elementor-section-height-default elementor-section-height-default\" data-id=\"3a3a1e0\" data-element_type=\"section\">\n\t\t\t\t\t\t<div class=\"elementor-container elementor-column-gap-default\">\n\t\t\t\t\t<div class=\"elementor-column elementor-col-100 elementor-top-column elementor-element elementor-element-06e9f2f\" data-id=\"06e9f2f\" data-element_type=\"column\">\n\t\t\t<div class=\"elementor-widget-wrap elementor-element-populated\">\n\t\t\t\t\t\t<div class=\"elementor-element elementor-element-e10e976 elementor-widget elementor-widget-image\" data-id=\"e10e976\" data-element_type=\"widget\" data-widget_type=\"image.default\">\n\t\t\t\t<div class=\"elementor-widget-container\">\n\t\t\t\t\t\t\t\t\t\t\t\t\t\t\t<img decoding=\"async\" width=\"300\" height=\"148\" src=\"https:\/\/www.lespagnolpourtoi.ch\/wp-content\/uploads\/2019\/09\/espagnolpourtoi-parcous-300x148.png\" class=\"attachment-medium size-medium wp-image-582\" alt=\"\" srcset=\"https:\/\/www.lespagnolpourtoi.ch\/wp-content\/uploads\/2019\/09\/espagnolpourtoi-parcous-300x148.png 300w, https:\/\/www.lespagnolpourtoi.ch\/wp-content\/uploads\/2019\/09\/espagnolpourtoi-parcous.png 400w\" sizes=\"(max-width: 300px) 100vw, 300px\" \/>\t\t\t\t\t\t\t\t\t\t\t\t\t\t\t<\/div>\n\t\t\t\t<\/div>\n\t\t\t\t<div class=\"elementor-element elementor-element-f189862 elementor-widget elementor-widget-text-editor\" data-id=\"f189862\" data-element_type=\"widget\" data-widget_type=\"text-editor.default\">\n\t\t\t\t<div class=\"elementor-widget-container\">\n\t\t\t\t\t\t\t\t\t<p>Je b\u00e9n\u00e9ficie d\u2019une longue exp\u00e9rience dans la formation de jeunes et d\u2019adultes et m\u2019adapterai \u00e0 vos besoins et objectifs. Selon ce qui vous conviendra le mieux, je me d\u00e9place volontiers \u00e0 votre bureau, \u00e0 votre domicile ou nous pouvons \u00e9galement nous retrouver dans un caf\u00e9 tranquille pour travailler ou m\u00eame chez moi.&nbsp;<br>Je propose des classes individuelles et en petits groupes de 2 \u00e0 5 personnes, ce qui repr\u00e9sente une \u00e9conomie et une opportunit\u00e9 de partager l\u2019apprentissage de la langue avec d\u2019autres personnes.<br>Mes horaires sont flexibles. Je suis disponible de 08:00 \u00e0 22:00 du lundi au vendredi ainsi que les samedis jusqu\u2019\u00e0 midi.<br><strong>Mes classes durent une heure et demie! Vous b\u00e9n\u00e9ficiez de 30\u2019 offertes!<\/strong> CHF 60.<\/p>\t\t\t\t\t\t\t\t<\/div>\n\t\t\t\t<\/div>\n\t\t\t\t<div class=\"elementor-element elementor-element-5181b48 elementor-widget elementor-widget-heading\" data-id=\"5181b48\" data-element_type=\"widget\" data-widget_type=\"heading.default\">\n\t\t\t\t<div class=\"elementor-widget-container\">\n\t\t\t\t\t<h2 class=\"elementor-heading-title elementor-size-default\">La premi\u00e8re classe est offerte!<\/h2>\t\t\t\t<\/div>\n\t\t\t\t<\/div>\n\t\t\t\t\t<\/div>\n\t\t<\/div>\n\t\t\t\t\t<\/div>\n\t\t<\/section>\n\t\t\t\t<section class=\"elementor-section elementor-top-section elementor-element elementor-element-465cdf01 elementor-section-height-min-height elementor-section-items-stretch elementor-section-content-middle elementor-section-boxed elementor-section-height-default\" data-id=\"465cdf01\" data-element_type=\"section\">\n\t\t\t\t\t\t<div class=\"elementor-container elementor-column-gap-default\">\n\t\t\t\t\t<div class=\"elementor-column elementor-col-33 elementor-top-column elementor-element elementor-element-50e56fcd\" data-id=\"50e56fcd\" data-element_type=\"column\" data-settings=\"{&quot;background_background&quot;:&quot;classic&quot;}\">\n\t\t\t<div class=\"elementor-widget-wrap elementor-element-populated\">\n\t\t\t\t\t\t<div class=\"elementor-element elementor-element-5307614b elementor-widget elementor-widget-image\" data-id=\"5307614b\" data-element_type=\"widget\" data-widget_type=\"image.default\">\n\t\t\t\t<div class=\"elementor-widget-container\">\n\t\t\t\t\t\t\t\t\t\t\t\t\t\t\t<img decoding=\"async\" src=\"https:\/\/www.lespagnolpourtoi.ch\/wp-content\/uploads\/elementor\/thumbs\/group-od4jbhk54zb86gi9i37pxq3z9mcrm3sduvti78c57c.png\" title=\"group\" alt=\"group\" loading=\"lazy\" \/>\t\t\t\t\t\t\t\t\t\t\t\t\t\t\t<\/div>\n\t\t\t\t<\/div>\n\t\t\t\t<div class=\"elementor-element elementor-element-67e7a21e elementor-widget elementor-widget-heading\" data-id=\"67e7a21e\" data-element_type=\"widget\" data-widget_type=\"heading.default\">\n\t\t\t\t<div class=\"elementor-widget-container\">\n\t\t\t\t\t<h3 class=\"elementor-heading-title elementor-size-large\">Cours propos\u00e9s par Javier Bastos<\/h3>\t\t\t\t<\/div>\n\t\t\t\t<\/div>\n\t\t\t\t<div class=\"elementor-element elementor-element-456307a8 elementor-widget elementor-widget-text-editor\" data-id=\"456307a8\" data-element_type=\"widget\" data-widget_type=\"text-editor.default\">\n\t\t\t\t<div class=\"elementor-widget-container\">\n\t\t\t\t\t\t\t\t\t<p>Individuel &#8211; En Groupe<\/p>\t\t\t\t\t\t\t\t<\/div>\n\t\t\t\t<\/div>\n\t\t\t\t\t<\/div>\n\t\t<\/div>\n\t\t\t\t<div class=\"elementor-column elementor-col-33 elementor-top-column elementor-element elementor-element-1a8ede03\" data-id=\"1a8ede03\" data-element_type=\"column\" data-settings=\"{&quot;background_background&quot;:&quot;classic&quot;}\">\n\t\t\t<div class=\"elementor-widget-wrap elementor-element-populated\">\n\t\t\t\t\t\t<div class=\"elementor-element elementor-element-7608961d elementor-widget elementor-widget-image\" data-id=\"7608961d\" data-element_type=\"widget\" data-widget_type=\"image.default\">\n\t\t\t\t<div class=\"elementor-widget-container\">\n\t\t\t\t\t\t\t\t\t\t\t\t\t\t\t<img decoding=\"async\" src=\"https:\/\/www.lespagnolpourtoi.ch\/wp-content\/uploads\/elementor\/thumbs\/home-od4jc9rau0dturdaxfej0izt36hs10wbyre2lj6c0o.png\" title=\"home\" alt=\"home\" loading=\"lazy\" \/>\t\t\t\t\t\t\t\t\t\t\t\t\t\t\t<\/div>\n\t\t\t\t<\/div>\n\t\t\t\t<div class=\"elementor-element elementor-element-22d28d4b elementor-widget elementor-widget-heading\" data-id=\"22d28d4b\" data-element_type=\"widget\" data-widget_type=\"heading.default\">\n\t\t\t\t<div class=\"elementor-widget-container\">\n\t\t\t\t\t<h3 class=\"elementor-heading-title elementor-size-large\">Ces cours peuvent se d\u00e9rouler<\/h3>\t\t\t\t<\/div>\n\t\t\t\t<\/div>\n\t\t\t\t<div class=\"elementor-element elementor-element-11d87975 elementor-widget elementor-widget-text-editor\" data-id=\"11d87975\" data-element_type=\"widget\" data-widget_type=\"text-editor.default\">\n\t\t\t\t<div class=\"elementor-widget-container\">\n\t\t\t\t\t\t\t\t\t<p>Chez lui &#8211; Chez vous<\/p>\t\t\t\t\t\t\t\t<\/div>\n\t\t\t\t<\/div>\n\t\t\t\t\t<\/div>\n\t\t<\/div>\n\t\t\t\t<div class=\"elementor-column elementor-col-33 elementor-top-column elementor-element elementor-element-d9775f0\" data-id=\"d9775f0\" data-element_type=\"column\" data-settings=\"{&quot;background_background&quot;:&quot;classic&quot;}\">\n\t\t\t<div class=\"elementor-widget-wrap elementor-element-populated\">\n\t\t\t\t\t\t<div class=\"elementor-element elementor-element-a69dfed elementor-widget elementor-widget-image\" data-id=\"a69dfed\" data-element_type=\"widget\" data-widget_type=\"image.default\">\n\t\t\t\t<div class=\"elementor-widget-container\">\n\t\t\t\t\t\t\t\t\t\t\t\t\t\t\t<img decoding=\"async\" src=\"https:\/\/www.lespagnolpourtoi.ch\/wp-content\/uploads\/elementor\/thumbs\/paper-sheets-with-text-lines-and-a-pen-at-right-side-from-top-view-od4ji58zjqfcf0u3mgtl3jmiqvjd4x7xru6bksgr4o.png\" title=\"paper-sheets-with-text-lines-and-a-pen-at-right-side-from-top-view\" alt=\"paper-sheets-with-text-lines-and-a-pen-at-right-side-from-top-view\" loading=\"lazy\" \/>\t\t\t\t\t\t\t\t\t\t\t\t\t\t\t<\/div>\n\t\t\t\t<\/div>\n\t\t\t\t<div class=\"elementor-element elementor-element-d9ddd94 elementor-widget elementor-widget-heading\" data-id=\"d9ddd94\" data-element_type=\"widget\" data-widget_type=\"heading.default\">\n\t\t\t\t<div class=\"elementor-widget-container\">\n\t\t\t\t\t<h3 class=\"elementor-heading-title elementor-size-large\">Niveaux<\/h3>\t\t\t\t<\/div>\n\t\t\t\t<\/div>\n\t\t\t\t<div class=\"elementor-element elementor-element-80d7f9f elementor-widget elementor-widget-text-editor\" data-id=\"80d7f9f\" data-element_type=\"widget\" data-widget_type=\"text-editor.default\">\n\t\t\t\t<div class=\"elementor-widget-container\">\n\t\t\t\t\t\t\t\t\t<p>Tout niveaux<\/p>\t\t\t\t\t\t\t\t<\/div>\n\t\t\t\t<\/div>\n\t\t\t\t\t<\/div>\n\t\t<\/div>\n\t\t\t\t\t<\/div>\n\t\t<\/section>\n\t\t\t\t<section class=\"elementor-section elementor-top-section elementor-element elementor-element-d137a9f elementor-section-height-min-height elementor-section-items-stretch elementor-section-content-middle elementor-section-boxed elementor-section-height-default\" data-id=\"d137a9f\" data-element_type=\"section\">\n\t\t\t\t\t\t<div class=\"elementor-container elementor-column-gap-default\">\n\t\t\t\t\t<div class=\"elementor-column elementor-col-33 elementor-top-column elementor-element elementor-element-ea16a2b\" data-id=\"ea16a2b\" data-element_type=\"column\" data-settings=\"{&quot;background_background&quot;:&quot;classic&quot;}\">\n\t\t\t<div class=\"elementor-widget-wrap elementor-element-populated\">\n\t\t\t\t\t\t<div class=\"elementor-element elementor-element-31598d0 elementor-widget elementor-widget-image\" data-id=\"31598d0\" data-element_type=\"widget\" data-widget_type=\"image.default\">\n\t\t\t\t<div class=\"elementor-widget-container\">\n\t\t\t\t\t\t\t\t\t\t\t\t\t\t\t<img decoding=\"async\" src=\"https:\/\/www.lespagnolpourtoi.ch\/wp-content\/uploads\/elementor\/thumbs\/winner-od4jjnrmk4hz4emws4dy45v9782njd8dbc0heu7x3s.png\" title=\"winner\" alt=\"winner\" loading=\"lazy\" \/>\t\t\t\t\t\t\t\t\t\t\t\t\t\t\t<\/div>\n\t\t\t\t<\/div>\n\t\t\t\t<div class=\"elementor-element elementor-element-962b349 elementor-widget elementor-widget-heading\" data-id=\"962b349\" data-element_type=\"widget\" data-widget_type=\"heading.default\">\n\t\t\t\t<div class=\"elementor-widget-container\">\n\t\t\t\t\t<h3 class=\"elementor-heading-title elementor-size-large\">Profil et dipl\u00f4me v\u00e9rifi\u00e9s<\/h3>\t\t\t\t<\/div>\n\t\t\t\t<\/div>\n\t\t\t\t\t<\/div>\n\t\t<\/div>\n\t\t\t\t<div class=\"elementor-column elementor-col-33 elementor-top-column elementor-element elementor-element-29785ca\" data-id=\"29785ca\" data-element_type=\"column\" data-settings=\"{&quot;background_background&quot;:&quot;classic&quot;}\">\n\t\t\t<div class=\"elementor-widget-wrap elementor-element-populated\">\n\t\t\t\t\t\t<div class=\"elementor-element elementor-element-0366a1b elementor-widget elementor-widget-heading\" data-id=\"0366a1b\" data-element_type=\"widget\" data-widget_type=\"heading.default\">\n\t\t\t\t<div class=\"elementor-widget-container\">\n\t\t\t\t\t<h3 class=\"elementor-heading-title elementor-size-large\">Mati\u00e8res enseign\u00e9es<\/h3>\t\t\t\t<\/div>\n\t\t\t\t<\/div>\n\t\t\t\t<div class=\"elementor-element elementor-element-92d734c elementor-widget elementor-widget-text-editor\" data-id=\"92d734c\" data-element_type=\"widget\" data-widget_type=\"text-editor.default\">\n\t\t\t\t<div class=\"elementor-widget-container\">\n\t\t\t\t\t\t\t\t\t<ul class=\"mb20\"><li>Espagnol<\/li><li>Expression orale &#8211; espagnol<\/li><li>Compr\u00e9hension \u00e9crite &#8211; espagnol<\/li><li>Compr\u00e9hension orale &#8211; espagnol<\/li><li>Expression \u00e9crite &#8211; espagnol<\/li><li>Vocabulaire &#8211; espagnol<\/li><\/ul>\t\t\t\t\t\t\t\t<\/div>\n\t\t\t\t<\/div>\n\t\t\t\t\t<\/div>\n\t\t<\/div>\n\t\t\t\t<div class=\"elementor-column elementor-col-33 elementor-top-column elementor-element elementor-element-37b66d2\" data-id=\"37b66d2\" data-element_type=\"column\" data-settings=\"{&quot;background_background&quot;:&quot;classic&quot;}\">\n\t\t\t<div class=\"elementor-widget-wrap elementor-element-populated\">\n\t\t\t\t\t\t<div class=\"elementor-element elementor-element-841e114 elementor-widget elementor-widget-image\" data-id=\"841e114\" data-element_type=\"widget\" data-widget_type=\"image.default\">\n\t\t\t\t<div class=\"elementor-widget-container\">\n\t\t\t\t\t\t\t\t\t\t\t\t\t\t\t<img decoding=\"async\" src=\"https:\/\/www.lespagnolpourtoi.ch\/wp-content\/uploads\/elementor\/thumbs\/hourglass-od4jk2t1lh2ka612cavz822mpe0iyiw2peg939lmc8.png\" title=\"hourglass\" alt=\"hourglass\" loading=\"lazy\" \/>\t\t\t\t\t\t\t\t\t\t\t\t\t\t\t<\/div>\n\t\t\t\t<\/div>\n\t\t\t\t<div class=\"elementor-element elementor-element-5140142 elementor-widget elementor-widget-heading\" data-id=\"5140142\" data-element_type=\"widget\" data-widget_type=\"heading.default\">\n\t\t\t\t<div class=\"elementor-widget-container\">\n\t\t\t\t\t<h3 class=\"elementor-heading-title elementor-size-large\">Temps de r\u00e9ponse<\/h3>\t\t\t\t<\/div>\n\t\t\t\t<\/div>\n\t\t\t\t<div class=\"elementor-element elementor-element-1109240 elementor-widget elementor-widget-text-editor\" data-id=\"1109240\" data-element_type=\"widget\" data-widget_type=\"text-editor.default\">\n\t\t\t\t<div class=\"elementor-widget-container\">\n\t\t\t\t\t\t\t\t\t<p>5 h<\/p>\t\t\t\t\t\t\t\t<\/div>\n\t\t\t\t<\/div>\n\t\t\t\t\t<\/div>\n\t\t<\/div>\n\t\t\t\t\t<\/div>\n\t\t<\/section>\n\t\t\t\t<section class=\"elementor-section elementor-top-section elementor-element elementor-element-5749ba27 elementor-section-content-middle elementor-section-stretched elementor-section-full_width elementor-section-height-default elementor-section-height-default\" data-id=\"5749ba27\" data-element_type=\"section\" data-settings=\"{&quot;background_background&quot;:&quot;classic&quot;,&quot;stretch_section&quot;:&quot;section-stretched&quot;}\">\n\t\t\t\t\t\t\t<div class=\"elementor-background-overlay\"><\/div>\n\t\t\t\t\t\t\t<div class=\"elementor-container elementor-column-gap-no\">\n\t\t\t\t\t<div class=\"elementor-column elementor-col-100 elementor-top-column elementor-element elementor-element-637bce35\" data-id=\"637bce35\" data-element_type=\"column\">\n\t\t\t<div class=\"elementor-widget-wrap elementor-element-populated\">\n\t\t\t\t\t\t<div class=\"elementor-element elementor-element-30c8c2b0 elementor-widget elementor-widget-heading\" data-id=\"30c8c2b0\" data-element_type=\"widget\" data-widget_type=\"heading.default\">\n\t\t\t\t<div class=\"elementor-widget-container\">\n\t\t\t\t\t<h4 class=\"elementor-heading-title elementor-size-default\"><a href=\"http:\/\/www.lespagnolpourtoi.ch\/index.php\/contact\/\">CLIQUEZ ICI POUR VOUS INSCRIRE \u00c0 MON COURS D'ESPAGNOL<\/a><\/h4>\t\t\t\t<\/div>\n\t\t\t\t<\/div>\n\t\t\t\t<div class=\"elementor-element elementor-element-2465325 elementor-widget elementor-widget-heading\" data-id=\"2465325\" data-element_type=\"widget\" data-widget_type=\"heading.default\">\n\t\t\t\t<div class=\"elementor-widget-container\">\n\t\t\t\t\t<h5 class=\"elementor-heading-title elementor-size-default\">PREMIER COURS GRATUIT!<\/h5>\t\t\t\t<\/div>\n\t\t\t\t<\/div>\n\t\t\t\t\t<\/div>\n\t\t<\/div>\n\t\t\t\t\t<\/div>\n\t\t<\/section>\n\t\t\t\t<\/div>\n\t\t","protected":false},"excerpt":{"rendered":"<p>Nous travaillerons ensemble l\u2019expression orale, la compr\u00e9hension et l\u2019\u00e9crit. D\u00e8s le premier cours, vous serez amen\u00e9 \u00e0 parler et \u00e9changer, afin de pouvoir vous exprimer en espagnol.Nous nous adapterons \u00e0 votre niveau (A1 &#8211; C2) et vos disponibilit\u00e9 pour avancer sans stress. Ma personnalit\u00e9 et ma m\u00e9thode de travail sont bas\u00e9es sur la patience et [&hellip;]<\/p>\n","protected":false},"author":1,"featured_media":0,"parent":0,"menu_order":0,"comment_status":"closed","ping_status":"open","template":"","meta":{"footnotes":""},"class_list":["post-476","page","type-page","status-publish","hentry"],"_links":{"self":[{"href":"https:\/\/www.lespagnolpourtoi.ch\/index.php\/wp-json\/wp\/v2\/pages\/476","targetHints":{"allow":["GET"]}}],"collection":[{"href":"https:\/\/www.lespagnolpourtoi.ch\/index.php\/wp-json\/wp\/v2\/pages"}],"about":[{"href":"https:\/\/www.lespagnolpourtoi.ch\/index.php\/wp-json\/wp\/v2\/types\/page"}],"author":[{"embeddable":true,"href":"https:\/\/www.lespagnolpourtoi.ch\/index.php\/wp-json\/wp\/v2\/users\/1"}],"replies":[{"embeddable":true,"href":"https:\/\/www.lespagnolpourtoi.ch\/index.php\/wp-json\/wp\/v2\/comments?post=476"}],"version-history":[{"count":0,"href":"https:\/\/www.lespagnolpourtoi.ch\/index.php\/wp-json\/wp\/v2\/pages\/476\/revisions"}],"wp:attachment":[{"href":"https:\/\/www.lespagnolpourtoi.ch\/index.php\/wp-json\/wp\/v2\/media?parent=476"}],"curies":[{"name":"wp","href":"https:\/\/api.w.org\/{rel}","templated":true}]}}